{"id":3,"date":"2022-01-17T13:53:10","date_gmt":"2022-01-17T12:53:10","guid":{"rendered":"http:\/\/santero.it\/?page_id=3"},"modified":"2024-02-07T18:39:45","modified_gmt":"2024-02-07T17:39:45","slug":"privacy-policy","status":"publish","type":"page","link":"https:\/\/www.santero.it\/en\/privacy-policy\/","title":{"rendered":"Privacy policy"},"content":{"rendered":"<p>[et_pb_section fb_built=&#8221;1&#8243; admin_label=&#8221;section&#8221; _builder_version=&#8221;4.16&#8243; da_disable_devices=&#8221;off|off|off&#8221; global_colors_info=&#8221;{}&#8221; da_is_popup=&#8221;off&#8221; da_exit_intent=&#8221;off&#8221; da_has_close=&#8221;on&#8221; da_alt_close=&#8221;off&#8221; da_dark_close=&#8221;off&#8221; da_not_modal=&#8221;on&#8221; da_is_singular=&#8221;off&#8221; da_with_loader=&#8221;off&#8221; da_has_shadow=&#8221;on&#8221;][et_pb_row admin_label=&#8221;row&#8221; _builder_version=&#8221;4.16&#8243; background_size=&#8221;initial&#8221; background_position=&#8221;top_left&#8221; background_repeat=&#8221;repeat&#8221; global_colors_info=&#8221;{}&#8221;][et_pb_column type=&#8221;4_4&#8243; _builder_version=&#8221;4.16&#8243; custom_padding=&#8221;|||&#8221; global_colors_info=&#8221;{}&#8221; custom_padding__hover=&#8221;|||&#8221;][et_pb_text admin_label=&#8221;Text&#8221; _builder_version=&#8221;4.17.4&#8243; text_font_size=&#8221;16px&#8221; header_font=&#8221;Josefin Sans|600||on|||||&#8221; header_4_font=&#8221;Open Sans||||||||&#8221; header_4_font_size=&#8221;20px&#8221; background_size=&#8221;initial&#8221; background_position=&#8221;top_left&#8221; background_repeat=&#8221;repeat&#8221; custom_padding=&#8221;50px||50px||true|false&#8221; hover_enabled=&#8221;0&#8243; global_colors_info=&#8221;{}&#8221; sticky_enabled=&#8221;0&#8243;]<\/p>\n<h1>Santero SpA<\/h1>\n<h4>Informativa sul trattamento dei dati personali ex artt. 13-14 Reg.to UE 2016\/679<\/h4>\n<p>Soggetti Interessati: navigatori Sito Internet.<\/p>\n<p>SANTERO F.LLI &amp; C. I.V.A.S.S. S.P.A. nella qualit\u00e0 di Titolare del trattamento dei Suoi dati personali, ai sensi e per gli effetti del Reg.to UE 2016\/679 di seguito &#8216;GDPR&#8217;, con la presente La informa che la citata normativa prevede la tutela degli interessati rispetto al trattamento dei dati personali e che tale trattamento sar\u00e0 improntato ai principi di correttezza, liceit\u00e0, trasparenza e di tutela della Sua riservatezza e dei Suoi diritti.<\/p>\n<p>I Suoi dati personali verranno trattati in accordo alle disposizioni legislative della normativa sopra richiamata e degli obblighi di riservatezza ivi previsti.<\/p>\n<p>Finalit\u00e0 e base giuridica del trattamento: in particolare i Suoi dati verranno trattati per le seguenti finalit\u00e0 connesse all&#8217;attuazione di adempimenti relativi ad obblighi legislativi o contrattuali:<\/p>\n<p>accesso tecnico e Funzionale al Sito nessun dato viene tenuto dopo la chiusura del Browser<\/p>\n<p>Modalit\u00e0 del trattamento. I suoi dati personali potranno essere trattati nei seguenti modi:<\/p>\n<p>a mezzo calcolatori elettronici con utilizzo di sistemi software gestiti o programmati direttamente;<\/p>\n<p>trattamento temporaneo in Forma Anonima.<\/p>\n<p>Ogni trattamento avviene nel rispetto delle modalit\u00e0 di cui agli artt. 6, 32 del GDPR e mediante l&#8217;adozione delle adeguate misure di sicurezza previste. I suoi dati saranno trattati unicamente da personale espressamente autorizzato dal Titolare ed, in particolare, dalle seguenti categorie di addetti:<\/p>\n<p>programmatori e analisti<\/p>\n<p>Diffusione: I suoi dati personali non verranno diffusi in alcun modo.<\/p>\n<p>Periodo di Conservazione. Le segnaliamo che, nel rispetto dei principi di liceit\u00e0, limitazione delle finalit\u00e0 e minimizzazione dei dati, ai sensi dell\u2019art. 5 del GDPR, il periodo di conservazione dei Suoi dati personali \u00e8:<\/p>\n<p>stabilito per un arco di tempo non superiore al conseguimento delle finalit\u00e0 per le quali sono raccolti e trattati per l&#8217;esecuzione e l&#8217;espletamento delle finalit\u00e0 contrattuali;<\/p>\n<p>stabilito per un arco di tempo non superiore all&#8217;espletamento dei servizi erogati;<\/p>\n<p>stabilito per un arco di tempo non superiore al conseguimento delle finalit\u00e0 per le quali sono raccolti e trattati e nel rispetto dei tempi obbligatori prescritti dalla legge.<\/p>\n<p>Titolare: il Titolare del trattamento dei dati, ai sensi della Legge, \u00e8 SANTERO F.LLI &amp; C. I.V.A.S.S. S.P.A. (VIA CESARE PAVESE 28 , 12058 SANTO STEFANO BELBO (CN); e-mail: santero@santero.it; telefono: 0141\/841212; P.Iva: 00939620043) nella persona del suo legale rappresentante pro tempore.<\/p>\n<p>Lei ha diritto di ottenere dal titolare la cancellazione (diritto all&#8217;oblio), la limitazione, l&#8217;aggiornamento, la rettificazione, la portabilit\u00e0, l&#8217;opposizione al trattamento dei dati personali che La riguardano, nonch\u00e9 in generale pu\u00f2 esercitare tutti i diritti previsti dagli artt. 15, 16, 17, 18, 19, 20, 21, 22 del GDPR.<\/p>\n<p>Il titolare del trattamento informa altres\u00ec l&#8217;interessato che il presente sito consente l&#8217;utilizzo ad un link esterno per l&#8217;acquisto online dei prodotti del titolare medesimo attraverso un portale esterno gestito autonomamente da un soggetto terzo.<\/p>\n<p>Reg.to UE 2016\/679: Artt. 15, 16, 17, 18, 19, 20, 21, 22 &#8211; Diritti dell&#8217;Interessato<\/p>\n<p>1. L&#8217;interessato ha diritto di ottenere la conferma dell&#8217;esistenza o meno di dati personali che lo riguardano, anche se non ancora registrati, la loro comunicazione in forma intelligibile e la possibilit\u00e0 di effettuare reclamo presso l\u2019Autorit\u00e0 di controllo.<\/p>\n<p>2. L&#8217;interessato ha diritto di ottenere l&#8217;indicazione:<\/p>\n<p>a. dell&#8217;origine dei dati personali;<\/p>\n<p>b. delle finalit\u00e0 e modalit\u00e0 del trattamento;<\/p>\n<p>c. della logica applicata in caso di trattamento effettuato con l&#8217;ausilio di strumenti elettronici;<\/p>\n<p>d. degli estremi identificativi del titolare, dei responsabili e del rappresentante designato ai sensi dell&#8217;articolo 5, comma 2;<\/p>\n<p>e. dei soggetti o delle categorie di soggetti ai quali i dati personali possono essere comunicati o che possono venirne a conoscenza in qualit\u00e0 di rappresentante designato nel territorio dello Stato, di responsabili o incaricati.<\/p>\n<p>3. L&#8217;interessato ha diritto di ottenere:<\/p>\n<p>a. l&#8217;aggiornamento, la rettificazione ovvero, quando vi ha interesse, l&#8217;integrazione dei dati;<\/p>\n<p>b. la cancellazione, la trasformazione in forma anonima o il blocco dei dati trattati in violazione di legge, compresi quelli di cui non \u00e8 necessaria la conservazione in relazione agli scopi per i quali i dati sono stati raccolti o successivamente trattati;<\/p>\n<p>c. l&#8217;attestazione che le operazioni di cui alle lettere a) e b) sono state portate a conoscenza, anche per quanto riguarda il loro contenuto, di coloro ai quali i dati sono stati comunicati o diffusi, eccettuato il caso in cui tale adempimento si rivela impossibile o comporta un impiego di mezzi manifestamente sproporzionato rispetto al diritto tutelato;<\/p>\n<p>d. la portabilit\u00e0 dei dati.<\/p>\n<p>4. L&#8217;interessato ha diritto di opporsi, in tutto o in parte<\/p>\n<p>a. per motivi legittimi al trattamento dei dati personali che lo riguardano, ancorch\u00e9 pertinenti allo scopo della raccolta;<\/p>\n<p>b. al trattamento di dati personali che lo riguardano a fini di invio di materiale pubblicitario o di vendita diretta o per il compimento di ricerche di mercato o di comunicazione commerciale.<\/p>\n<p>&nbsp;<\/p>\n<p><a href=\"https:\/\/www.privacylab.it\/informativa.php?11887356744\">https:\/\/www.privacylab.it\/informativa.php?11887356744<\/a> (informativa privacy relativa ai \u201cNavigatori Sito Internet\u201d)<\/p>\n<p>&nbsp;<\/p>\n<p><a href=\"https:\/\/www.privacylab.it\/informativa.php?11887356703\">https:\/\/www.privacylab.it\/informativa.php?11887356703<\/a> (informativa privacy relativa ai \u201cClienti\u201d)<\/p>\n<p>&nbsp;<\/p>\n<p><a href=\"https:\/\/www.privacylab.it\/informativa.php?11887356700\">https:\/\/www.privacylab.it\/informativa.php?11887356700<\/a> (informativa privacy relativa ai \u201cPotenziali Clienti\u201d)<\/p>\n<p>&nbsp;<\/p>\n<p>Per avere maggiori informazioni vi invitiamo a contattarci via mail all&#8217;indirizzo <a href=\"mailto:privacy@santero.it\">privacy@santero.it<\/a><\/p>\n<p>&nbsp;<\/p>\n<p>Procedura di Whistleblowing: <a href=\"https:\/\/www.santero.it\/assets\/ProceduraWhistleblowingSANTERO.pdf\" target=\"_blank\" rel=\"noopener\">https:\/\/www.santero.it\/assets\/ProceduraWhistleblowingSANTERO.pdf<\/a><\/p>\n<p>[\/et_pb_text][\/et_pb_column][\/et_pb_row][\/et_pb_section]<\/p>\n","protected":false},"excerpt":{"rendered":"<p>Santero SpA Informativa sul trattamento dei dati personali ex artt. 13-14 Reg.to UE 2016\/679 Soggetti Interessati: navigatori Sito Internet. SANTERO F.LLI &amp; C. I.V.A.S.S. S.P.A. nella qualit\u00e0 di Titolare del trattamento dei Suoi dati personali, ai sensi e per gli effetti del Reg.to UE 2016\/679 di seguito &#8216;GDPR&#8217;, con la presente La informa che la [&hellip;]<\/p>\n","protected":false},"author":1,"featured_media":0,"parent":0,"menu_order":0,"comment_status":"closed","ping_status":"closed","template":"","meta":{"_et_pb_use_builder":"on","_et_pb_old_content":"<!-- wp:heading -->\r\n<h1>Santero Spa<\/h1>\r\n<h4>Informativa sul trattamento dei dati personali ex artt. 13-14 Reg.to UE 2016\/679<\/h4>\r\n<p>Soggetti Interessati: navigatori Sito Internet.<\/p>\r\n<p>SANTERO F.LLI & C. I.V.A.S.S. S.P.A. nella qualit\u00e0 di Titolare del trattamento dei Suoi dati personali, ai sensi e per gli effetti del Reg.to UE 2016\/679 di seguito 'GDPR', con la presente La informa che la citata normativa prevede la tutela degli interessati rispetto al trattamento dei dati personali e che tale trattamento sar\u00e0 improntato ai principi di correttezza, liceit\u00e0, trasparenza e di tutela della Sua riservatezza e dei Suoi diritti.<\/p>\r\n<p>I Suoi dati personali verranno trattati in accordo alle disposizioni legislative della normativa sopra richiamata e degli obblighi di riservatezza ivi previsti.<\/p>\r\n<p>Finalit\u00e0 e base giuridica del trattamento: in particolare i Suoi dati verranno trattati per le seguenti finalit\u00e0 connesse all'attuazione di adempimenti relativi ad obblighi legislativi o contrattuali:<\/p>\r\n<p>accesso tecnico e Funzionale al Sito nessun dato viene tenuto dopo la chiusura del Browser<\/p>\r\n<p>\u00a0<\/p>\r\n<p>Modalit\u00e0 del trattamento. I suoi dati personali potranno essere trattati nei seguenti modi:<\/p>\r\n<p>a mezzo calcolatori elettronici con utilizzo di sistemi software gestiti o programmati direttamente;<\/p>\r\n<p>trattamento temporaneo in Forma Anonima.<\/p>\r\n<p>\u00a0<\/p>\r\n<p>Ogni trattamento avviene nel rispetto delle modalit\u00e0 di cui agli artt. 6, 32 del GDPR e mediante l'adozione delle adeguate misure di sicurezza previste. I suoi dati saranno trattati unicamente da personale espressamente autorizzato dal Titolare ed, in particolare, dalle seguenti categorie di addetti:<\/p>\r\n<p>programmatori e Analisti<\/p>\r\n<p>\u00a0<\/p>\r\n<p>Diffusione: I suoi dati personali non verranno diffusi in alcun modo.<\/p>\r\n<p>\u00a0<\/p>\r\n<p>Periodo di Conservazione. Le segnaliamo che, nel rispetto dei principi di liceit\u00e0, limitazione delle finalit\u00e0 e minimizzazione dei dati, ai sensi dell\u2019art. 5 del GDPR, il periodo di conservazione dei Suoi dati personali \u00e8:<\/p>\r\n<p>stabilito per un arco di tempo non superiore al conseguimento delle finalit\u00e0 per le quali sono raccolti e trattati per l'esecuzione e l'espletamento delle finalit\u00e0 contrattuali;<\/p>\r\n<p>stabilito per un arco di tempo non superiore all'espletamento dei servizi erogati;<\/p>\r\n<p>stabilito per un arco di tempo non superiore al conseguimento delle finalit\u00e0 per le quali sono raccolti e trattati e nel rispetto dei tempi obbligatori prescritti dalla legge.<\/p>\r\n<p>\u00a0<\/p>\r\n<p>Titolare: il Titolare del trattamento dei dati, ai sensi della Legge, \u00e8 SANTERO F.LLI & C. I.V.A.S.S. S.P.A. (VIA CESARE PAVESE 28 , 12058 SANTO STEFANO BELBO (CN); e-mail: santero@santero.it; telefono: 0141\/841212; P.Iva: 00939620043) nella persona del suo legale rappresentante pro tempore.<\/p>\r\n<p>Lei ha diritto di ottenere dal titolare la cancellazione (diritto all'oblio), la limitazione, l'aggiornamento, la rettificazione, la portabilit\u00e0, l'opposizione al trattamento dei dati personali che La riguardano, nonch\u00e9 in generale pu\u00f2 esercitare tutti i diritti previsti dagli artt. 15, 16, 17, 18, 19, 20, 21, 22 del GDPR.<\/p>\r\n<p>Il titolare del trattamento informa altres\u00ec l'interessato che il presente sito consente l'utilizzo ad un link esterno per l'acquisto online dei prodotti del titolare medesimo attraverso un portale esterno gestito autonomamente da un soggetto terzo.<\/p>\r\n<p>\u00a0<\/p>\r\n<p>Reg.to UE 2016\/679: Artt. 15, 16, 17, 18, 19, 20, 21, 22 - Diritti dell'Interessato<\/p>\r\n<p>\u00a0<\/p>\r\n<p>1. L'interessato ha diritto di ottenere la conferma dell'esistenza o meno di dati personali che lo riguardano, anche se non ancora registrati, la loro comunicazione in forma intelligibile e la possibilit\u00e0 di effettuare reclamo presso l\u2019Autorit\u00e0 di controllo.<\/p>\r\n<p>2. L'interessato ha diritto di ottenere l'indicazione:<\/p>\r\n<p>a. dell'origine dei dati personali;<\/p>\r\n<p>b. delle finalit\u00e0 e modalit\u00e0 del trattamento;<\/p>\r\n<p>c. della logica applicata in caso di trattamento effettuato con l'ausilio di strumenti elettronici;<\/p>\r\n<p>d. degli estremi identificativi del titolare, dei responsabili e del rappresentante designato ai sensi dell'articolo 5, comma 2;<\/p>\r\n<p>e. dei soggetti o delle categorie di soggetti ai quali i dati personali possono essere comunicati o che possono venirne a conoscenza in qualit\u00e0 di rappresentante designato nel territorio dello Stato, di responsabili o incaricati.<\/p>\r\n<p>\u00a0<\/p>\r\n<p>\u00a0<\/p>\r\n<p>3. L'interessato ha diritto di ottenere:<\/p>\r\n<p>a. l'aggiornamento, la rettificazione ovvero, quando vi ha interesse, l'integrazione dei dati;<\/p>\r\n<p>b. la cancellazione, la trasformazione in forma anonima o il blocco dei dati trattati in violazione di legge, compresi quelli di cui non \u00e8 necessaria la conservazione in relazione agli scopi per i quali i dati sono stati raccolti o successivamente trattati;<\/p>\r\n<p>c. l'attestazione che le operazioni di cui alle lettere a) e b) sono state portate a conoscenza, anche per quanto riguarda il loro contenuto, di coloro ai quali i dati sono stati comunicati o diffusi, eccettuato il caso in cui tale adempimento si rivela impossibile o comporta un impiego di mezzi manifestamente sproporzionato rispetto al diritto tutelato;<\/p>\r\n<p>d. la portabilit\u00e0 dei dati.<\/p>\r\n<p>\u00a0<\/p>\r\n<p>4. L'interessato ha diritto di opporsi, in tutto o in parte<\/p>\r\n<p>a. per motivi legittimi al trattamento dei dati personali che lo riguardano, ancorch\u00e9 pertinenti allo scopo della raccolta;<\/p>\r\n<p>b. al trattamento di dati personali che lo riguardano a fini di invio di materiale pubblicitario o di vendita diretta o per il compimento di ricerche di mercato o di comunicazione commerciale.<\/p>\r\n<p>\u00a0<\/p>\r\n<p>\u00a0<\/p>\r\n<p><a href=\"https:\/\/www.privacylab.it\/informativa.php?11887356744\">https:\/\/www.privacylab.it\/informativa.php?11887356744<\/a> (informativa privacy relativa ai \u201cNavigatori Sito Internet\u201d)<\/p>\r\n<p>\u00a0<\/p>\r\n<p><a href=\"https:\/\/www.privacylab.it\/informativa.php?11887356703\">https:\/\/www.privacylab.it\/informativa.php?11887356703<\/a> (informativa privacy relativa ai \u201cClienti\u201d)<\/p>\r\n<p>\u00a0<\/p>\r\n<p><a href=\"https:\/\/www.privacylab.it\/informativa.php?11887356700\">https:\/\/www.privacylab.it\/informativa.php?11887356700<\/a> (informativa privacy relativa ai \u201cPotenziali Clienti\u201d)<\/p>\r\n<p>\u00a0<\/p>\r\n<p>Per avere maggiori informazioni\u00a0 vi invitiamo a contattarci via mail all'indirizzo privacy@santero.it .t<\/p>\r\n<p>\u00a0<\/p>\r\n<!-- \/wp:paragraph -->","_et_gb_content_width":"","inline_featured_image":false,"footnotes":""},"class_list":["post-3","page","type-page","status-publish","hentry"],"_links":{"self":[{"href":"https:\/\/www.santero.it\/en\/wp-json\/wp\/v2\/pages\/3","targetHints":{"allow":["GET"]}}],"collection":[{"href":"https:\/\/www.santero.it\/en\/wp-json\/wp\/v2\/pages"}],"about":[{"href":"https:\/\/www.santero.it\/en\/wp-json\/wp\/v2\/types\/page"}],"author":[{"embeddable":true,"href":"https:\/\/www.santero.it\/en\/wp-json\/wp\/v2\/users\/1"}],"replies":[{"embeddable":true,"href":"https:\/\/www.santero.it\/en\/wp-json\/wp\/v2\/comments?post=3"}],"version-history":[{"count":8,"href":"https:\/\/www.santero.it\/en\/wp-json\/wp\/v2\/pages\/3\/revisions"}],"predecessor-version":[{"id":3547,"href":"https:\/\/www.santero.it\/en\/wp-json\/wp\/v2\/pages\/3\/revisions\/3547"}],"wp:attachment":[{"href":"https:\/\/www.santero.it\/en\/wp-json\/wp\/v2\/media?parent=3"}],"curies":[{"name":"wp","href":"https:\/\/api.w.org\/{rel}","templated":true}]}}